{"id":90,"date":"2021-11-29T21:15:53","date_gmt":"2021-11-29T21:15:53","guid":{"rendered":"http:\/\/www.studiofemmefatale.cz\/?page_id=90"},"modified":"2022-10-21T20:00:29","modified_gmt":"2022-10-21T20:00:29","slug":"kadernictvi","status":"publish","type":"page","link":"https:\/\/www.studiofemmefatale.cz\/index.php\/kadernictvi\/","title":{"rendered":"KADE\u0158NICTV\u00cd"},"content":{"rendered":"\n<figure class=\"wp-block-pullquote\"><blockquote><p>Nechte sv\u00e9 vlasy u n\u00e1s h\u00fd\u010dkat a dop\u0159ejte jim jenom to nejlep\u0161\u00ed &#8230;<\/p><\/blockquote><\/figure>\n\n\n\n<figure class=\"wp-block-pullquote\"><blockquote><p>Pe\u010dujeme o Va\u0161e vlasy s l\u00e1skou a s vlasov\u00fdmi produkty zna\u010dky<\/p><p>  L\u00b4Or\u00e9al Professionnel<br><\/p><\/blockquote><\/figure>\n\n\n\n<p><\/p>\n\n\n\n<p><\/p>\n\n\n\n<p><\/p>\n","protected":false},"excerpt":{"rendered":"<p>Nechte sv\u00e9 vlasy u n\u00e1s h\u00fd\u010dkat a dop\u0159ejte jim jenom to nejlep\u0161\u00ed &#8230; Pe\u010dujeme o Va\u0161e vlasy s l\u00e1skou a s vlasov\u00fdmi produkty zna\u010dky L\u00b4Or\u00e9al Professionnel<\/p>\n","protected":false},"author":1,"featured_media":0,"parent":0,"menu_order":0,"comment_status":"closed","ping_status":"closed","template":"","meta":[],"_links":{"self":[{"href":"https:\/\/www.studiofemmefatale.cz\/index.php\/wp-json\/wp\/v2\/pages\/90"}],"collection":[{"href":"https:\/\/www.studiofemmefatale.cz\/index.php\/wp-json\/wp\/v2\/pages"}],"about":[{"href":"https:\/\/www.studiofemmefatale.cz\/index.php\/wp-json\/wp\/v2\/types\/page"}],"author":[{"embeddable":true,"href":"https:\/\/www.studiofemmefatale.cz\/index.php\/wp-json\/wp\/v2\/users\/1"}],"replies":[{"embeddable":true,"href":"https:\/\/www.studiofemmefatale.cz\/index.php\/wp-json\/wp\/v2\/comments?post=90"}],"version-history":[{"count":5,"href":"https:\/\/www.studiofemmefatale.cz\/index.php\/wp-json\/wp\/v2\/pages\/90\/revisions"}],"predecessor-version":[{"id":256,"href":"https:\/\/www.studiofemmefatale.cz\/index.php\/wp-json\/wp\/v2\/pages\/90\/revisions\/256"}],"wp:attachment":[{"href":"https:\/\/www.studiofemmefatale.cz\/index.php\/wp-json\/wp\/v2\/media?parent=90"}],"curies":[{"name":"wp","href":"https:\/\/api.w.org\/{rel}","templated":true}]}}