{"id":89,"date":"2021-11-29T21:15:53","date_gmt":"2021-11-29T21:15:53","guid":{"rendered":"http:\/\/www.studiofemmefatale.cz\/?page_id=89"},"modified":"2022-10-21T19:57:57","modified_gmt":"2022-10-21T19:57:57","slug":"kosmetika","status":"publish","type":"page","link":"https:\/\/www.studiofemmefatale.cz\/index.php\/kosmetika\/","title":{"rendered":"KOSMETIKA"},"content":{"rendered":"\n<p class=\"has-text-align-center\"><em>Kosmetick\u00e9 slu\u017eby \u2013 prodlu\u017eov\u00e1n\u00ed \u0159as, \u010di\u0161t\u011bn\u00ed pleti, ple\u0165ov\u00e9 masky, mas\u00e1\u017e obli\u010deje, vyu\u017e\u00edvaj\u00edc\u00ed \u0161pi\u010dkov\u00e9 francouzsk\u00e9 produkty Oligodermie.<\/em><\/p>\n\n\n\n<div class=\"wp-block-group\"><div class=\"wp-block-group__inner-container\">\n<figure class=\"wp-block-pullquote\"><blockquote><p>Ka\u017ed\u00e1 \u017eena si zaslou\u017e\u00ed b\u00fdt h\u00fd\u010dk\u00e1na &#8230;<\/p><\/blockquote><\/figure>\n<\/div><\/div>\n","protected":false},"excerpt":{"rendered":"<p>Kosmetick\u00e9 slu\u017eby \u2013 prodlu\u017eov\u00e1n\u00ed \u0159as, \u010di\u0161t\u011bn\u00ed pleti, ple\u0165ov\u00e9 masky, mas\u00e1\u017e obli\u010deje, vyu\u017e\u00edvaj\u00edc\u00ed \u0161pi\u010dkov\u00e9 francouzsk\u00e9 produkty Oligodermie. Ka\u017ed\u00e1 \u017eena si zaslou\u017e\u00ed b\u00fdt h\u00fd\u010dk\u00e1na &#8230;<\/p>\n","protected":false},"author":1,"featured_media":0,"parent":0,"menu_order":0,"comment_status":"closed","ping_status":"closed","template":"","meta":[],"_links":{"self":[{"href":"https:\/\/www.studiofemmefatale.cz\/index.php\/wp-json\/wp\/v2\/pages\/89"}],"collection":[{"href":"https:\/\/www.studiofemmefatale.cz\/index.php\/wp-json\/wp\/v2\/pages"}],"about":[{"href":"https:\/\/www.studiofemmefatale.cz\/index.php\/wp-json\/wp\/v2\/types\/page"}],"author":[{"embeddable":true,"href":"https:\/\/www.studiofemmefatale.cz\/index.php\/wp-json\/wp\/v2\/users\/1"}],"replies":[{"embeddable":true,"href":"https:\/\/www.studiofemmefatale.cz\/index.php\/wp-json\/wp\/v2\/comments?post=89"}],"version-history":[{"count":5,"href":"https:\/\/www.studiofemmefatale.cz\/index.php\/wp-json\/wp\/v2\/pages\/89\/revisions"}],"predecessor-version":[{"id":253,"href":"https:\/\/www.studiofemmefatale.cz\/index.php\/wp-json\/wp\/v2\/pages\/89\/revisions\/253"}],"wp:attachment":[{"href":"https:\/\/www.studiofemmefatale.cz\/index.php\/wp-json\/wp\/v2\/media?parent=89"}],"curies":[{"name":"wp","href":"https:\/\/api.w.org\/{rel}","templated":true}]}}