{"id":149,"date":"2021-12-14T14:05:53","date_gmt":"2021-12-14T14:05:53","guid":{"rendered":"http:\/\/www.studiofemmefatale.cz\/?page_id=149"},"modified":"2022-12-14T18:34:25","modified_gmt":"2022-12-14T18:34:25","slug":"aktuality","status":"publish","type":"page","link":"https:\/\/www.studiofemmefatale.cz\/index.php\/aktuality\/","title":{"rendered":"AKTUALITY"},"content":{"rendered":"\n<p><\/p>\n\n\n\n<p>14.12.2022<\/p>\n\n\n\n<p>V\u00e1\u017een\u00e9 z\u00e1kaznice, v\u00e1\u017een\u00ed z\u00e1kazn\u00edci,                                                                                                         chceme v\u00e1m pop\u0159\u00e1t kr\u00e1sn\u00e9 sv\u00e1tky v\u00e1no\u010dn\u00ed, pohodu, l\u00e1sku a mnoho d\u00e1rk\u016f pod strome\u010dkem.  Na Nov\u00fd rok a vlastn\u011b po cel\u00fd nov\u00fd rok hodn\u011b zdrav\u00ed, \u0161t\u011bst\u00ed, l\u00e1sky, kr\u00e1sn\u00fdch \u00fa\u010des\u016f, dokonal\u00fdch \u0159as, zdrav\u00ed nohou a hebkou ple\u0165.                                                                                                          T\u00fdm Studia Femme Fatale<\/p>\n\n\n\n<p><\/p>\n\n\n\n<p>21.10.2022<br><strong>Chcete se st\u00e1t na\u0161\u00ed sou\u010d\u00e1st\u00ed? Hled\u00e1te m\u00edsto, kde by jste r\u00e1d\/r\u00e1da pracoval\/a a m\u011bl\/a p\u0159i tom skv\u011bl\u00fd kolektiv? Mo\u017en\u00e1 hled\u00e1me pr\u00e1v\u011b Tebe!<br>M\u00e1me k dispozici posledn\u00ed kade\u0159nick\u00e9 k\u0159eslo.<\/strong><br>&#8211; <strong>pro v\u00edce informac\u00ed volejte 739 050 719 &#8211; Lucie Klekarov\u00e1<\/strong><\/p>\n\n\n\n<p>21.10.2022<\/p>\n\n\n\n<p><em>Mil\u00e9 klientky a klienti,<br>chcete ud\u011blat radost Va\u0161im bl\u00edzk\u00fdm? <br><strong>M\u00e1me pro V\u00e1s tip na skv\u011bl\u00fd d\u00e1rek, kter\u00fd pot\u011b\u0161\u00ed nejednu \u017eenu, ale i mu\u017ee. <\/strong><br>M\u016f\u017eete vyu\u017e\u00edt jak kade\u0159nick\u00e9, tak i kosmetick\u00e9 a pedik\u00e9rsk\u00e9 slu\u017eby a t\u00edm zaru\u010dit, \u017ee budou obdarovan\u00ed skv\u011ble ope\u010dov\u00e1v\u00e1ni<\/em>. <\/p>\n\n\n\n<p><em>D\u00e1rkov\u00fd poukaz na konkr\u00e9tn\u00ed slu\u017ebu, nebo V\u00e1mi ur\u010denou sumu, je mo\u017en\u00e9 objednat na telefonn\u00edm \u010d\u00edsle:<\/em><\/p>\n\n\n\n<p><em>Kosmetika a \u0159asov\u00e1 stylistka:<\/em><\/p>\n\n\n\n<ul><li><em><strong>Lucie Klekarov\u00e1<\/strong> &#8211; 739 050 719<\/em><\/li><\/ul>\n\n\n\n<p><em>Kade\u0159nick\u00e9 slu\u017eby:<\/em><\/p>\n\n\n\n<ul><li><em><strong>Jana Ko\u010dkov\u00e1<\/strong> &#8211; 603 278 557<\/em><\/li><li><em><strong>\u017daneta Miku\u0161ov\u00e1<\/strong> &#8211; 731 224 417<\/em><\/li><\/ul>\n\n\n\n<p>Pedik\u00e9rsk\u00e9 slu\u017eby:<\/p>\n\n\n\n<ul><li><strong>Angelika Adamusov\u00e1<\/strong> &#8211; 736 284 111<br><\/li><\/ul>\n\n\n\n<figure class=\"wp-block-gallery columns-1 is-cropped\"><ul class=\"blocks-gallery-grid\"><li class=\"blocks-gallery-item\"><figure><img loading=\"lazy\" width=\"1000\" height=\"750\" src=\"https:\/\/www.studiofemmefatale.cz\/wp-content\/uploads\/2022\/01\/20220130_193611.jpg\" alt=\"\" data-id=\"225\" data-full-url=\"https:\/\/www.studiofemmefatale.cz\/wp-content\/uploads\/2022\/01\/20220130_193611.jpg\" data-link=\"https:\/\/www.studiofemmefatale.cz\/index.php\/aktuality\/20220130_193611\/\" class=\"wp-image-225\" srcset=\"https:\/\/www.studiofemmefatale.cz\/wp-content\/uploads\/2022\/01\/20220130_193611.jpg 1000w, https:\/\/www.studiofemmefatale.cz\/wp-content\/uploads\/2022\/01\/20220130_193611-300x225.jpg 300w, https:\/\/www.studiofemmefatale.cz\/wp-content\/uploads\/2022\/01\/20220130_193611-768x576.jpg 768w, https:\/\/www.studiofemmefatale.cz\/wp-content\/uploads\/2022\/01\/20220130_193611-80x60.jpg 80w\" sizes=\"(max-width: 706px) 89vw, (max-width: 767px) 82vw, 740px\" \/><\/figure><\/li><\/ul><\/figure>\n\n\n\n<figure class=\"wp-block-image size-large\"><img loading=\"lazy\" width=\"1024\" height=\"487\" src=\"https:\/\/www.studiofemmefatale.cz\/wp-content\/uploads\/2022\/12\/DP-seda-1024x487.jpg\" alt=\"\" class=\"wp-image-300\" srcset=\"https:\/\/www.studiofemmefatale.cz\/wp-content\/uploads\/2022\/12\/DP-seda-1024x487.jpg 1024w, https:\/\/www.studiofemmefatale.cz\/wp-content\/uploads\/2022\/12\/DP-seda-300x143.jpg 300w, https:\/\/www.studiofemmefatale.cz\/wp-content\/uploads\/2022\/12\/DP-seda-768x365.jpg 768w, https:\/\/www.studiofemmefatale.cz\/wp-content\/uploads\/2022\/12\/DP-seda-1536x731.jpg 1536w, https:\/\/www.studiofemmefatale.cz\/wp-content\/uploads\/2022\/12\/DP-seda-2048x974.jpg 2048w\" sizes=\"(max-width: 706px) 89vw, (max-width: 767px) 82vw, 740px\" \/><\/figure>\n","protected":false},"excerpt":{"rendered":"<p>14.12.2022 V\u00e1\u017een\u00e9 z\u00e1kaznice, v\u00e1\u017een\u00ed z\u00e1kazn\u00edci, chceme v\u00e1m pop\u0159\u00e1t kr\u00e1sn\u00e9 sv\u00e1tky v\u00e1no\u010dn\u00ed, pohodu, l\u00e1sku a mnoho d\u00e1rk\u016f pod strome\u010dkem. Na Nov\u00fd rok a vlastn\u011b po cel\u00fd nov\u00fd rok hodn\u011b zdrav\u00ed, \u0161t\u011bst\u00ed, l\u00e1sky, kr\u00e1sn\u00fdch \u00fa\u010des\u016f, dokonal\u00fdch \u0159as, zdrav\u00ed nohou a hebkou ple\u0165. T\u00fdm Studia Femme Fatale 21.10.2022Chcete se st\u00e1t na\u0161\u00ed sou\u010d\u00e1st\u00ed? Hled\u00e1te m\u00edsto, kde by jste r\u00e1d\/r\u00e1da &hellip; <\/p>\n<p class=\"link-more\"><a href=\"https:\/\/www.studiofemmefatale.cz\/index.php\/aktuality\/\" class=\"more-link\">Pokra\u010dovat ve \u010dten\u00ed<span class=\"screen-reader-text\"> &#8222;AKTUALITY&#8220;<\/span><\/a><\/p>\n","protected":false},"author":1,"featured_media":0,"parent":0,"menu_order":0,"comment_status":"closed","ping_status":"closed","template":"","meta":[],"_links":{"self":[{"href":"https:\/\/www.studiofemmefatale.cz\/index.php\/wp-json\/wp\/v2\/pages\/149"}],"collection":[{"href":"https:\/\/www.studiofemmefatale.cz\/index.php\/wp-json\/wp\/v2\/pages"}],"about":[{"href":"https:\/\/www.studiofemmefatale.cz\/index.php\/wp-json\/wp\/v2\/types\/page"}],"author":[{"embeddable":true,"href":"https:\/\/www.studiofemmefatale.cz\/index.php\/wp-json\/wp\/v2\/users\/1"}],"replies":[{"embeddable":true,"href":"https:\/\/www.studiofemmefatale.cz\/index.php\/wp-json\/wp\/v2\/comments?post=149"}],"version-history":[{"count":13,"href":"https:\/\/www.studiofemmefatale.cz\/index.php\/wp-json\/wp\/v2\/pages\/149\/revisions"}],"predecessor-version":[{"id":303,"href":"https:\/\/www.studiofemmefatale.cz\/index.php\/wp-json\/wp\/v2\/pages\/149\/revisions\/303"}],"wp:attachment":[{"href":"https:\/\/www.studiofemmefatale.cz\/index.php\/wp-json\/wp\/v2\/media?parent=149"}],"curies":[{"name":"wp","href":"https:\/\/api.w.org\/{rel}","templated":true}]}}