{"id":127,"date":"2021-12-02T14:08:28","date_gmt":"2021-12-02T14:08:28","guid":{"rendered":"http:\/\/www.studiofemmefatale.cz\/?page_id=127"},"modified":"2022-12-14T18:20:22","modified_gmt":"2022-12-14T18:20:22","slug":"ukazka-prace-zaneta","status":"publish","type":"page","link":"https:\/\/www.studiofemmefatale.cz\/index.php\/ukazka-prace-zaneta\/","title":{"rendered":"Uk\u00e1zka pr\u00e1ce &#8211; \u017daneta"},"content":{"rendered":"\n<figure class=\"wp-block-gallery columns-4 is-cropped\"><ul class=\"blocks-gallery-grid\"><li class=\"blocks-gallery-item\"><figure><img loading=\"lazy\" width=\"1024\" height=\"1024\" src=\"https:\/\/www.studiofemmefatale.cz\/wp-content\/uploads\/2021\/12\/Fotor_163838952971814-1-1024x1024.jpg\" alt=\"\" data-id=\"140\" data-link=\"https:\/\/www.studiofemmefatale.cz\/index.php\/ukazka-prace-zaneta\/fotor_163838952971814-1\/\" class=\"wp-image-140\" srcset=\"https:\/\/www.studiofemmefatale.cz\/wp-content\/uploads\/2021\/12\/Fotor_163838952971814-1-1024x1024.jpg 1024w, https:\/\/www.studiofemmefatale.cz\/wp-content\/uploads\/2021\/12\/Fotor_163838952971814-1-300x300.jpg 300w, https:\/\/www.studiofemmefatale.cz\/wp-content\/uploads\/2021\/12\/Fotor_163838952971814-1-150x150.jpg 150w, https:\/\/www.studiofemmefatale.cz\/wp-content\/uploads\/2021\/12\/Fotor_163838952971814-1-768x768.jpg 768w, https:\/\/www.studiofemmefatale.cz\/wp-content\/uploads\/2021\/12\/Fotor_163838952971814-1-1536x1536.jpg 1536w, https:\/\/www.studiofemmefatale.cz\/wp-content\/uploads\/2021\/12\/Fotor_163838952971814-1-2048x2048.jpg 2048w, https:\/\/www.studiofemmefatale.cz\/wp-content\/uploads\/2021\/12\/Fotor_163838952971814-1-60x60.jpg 60w, https:\/\/www.studiofemmefatale.cz\/wp-content\/uploads\/2021\/12\/Fotor_163838952971814-1-235x235.jpg 235w, https:\/\/www.studiofemmefatale.cz\/wp-content\/uploads\/2021\/12\/Fotor_163838952971814-1-255x255.jpg 255w\" sizes=\"(max-width: 706px) 89vw, (max-width: 767px) 82vw, 740px\" \/><\/figure><\/li><li class=\"blocks-gallery-item\"><figure><img loading=\"lazy\" width=\"768\" height=\"1024\" src=\"https:\/\/www.studiofemmefatale.cz\/wp-content\/uploads\/2021\/12\/IMG-20211201-WA0005-1-768x1024.jpg\" alt=\"\" data-id=\"141\" data-link=\"https:\/\/www.studiofemmefatale.cz\/index.php\/ukazka-prace-zaneta\/img-20211201-wa0005-1\/\" class=\"wp-image-141\" srcset=\"https:\/\/www.studiofemmefatale.cz\/wp-content\/uploads\/2021\/12\/IMG-20211201-WA0005-1-768x1024.jpg 768w, https:\/\/www.studiofemmefatale.cz\/wp-content\/uploads\/2021\/12\/IMG-20211201-WA0005-1-225x300.jpg 225w, https:\/\/www.studiofemmefatale.cz\/wp-content\/uploads\/2021\/12\/IMG-20211201-WA0005-1-1152x1536.jpg 1152w, https:\/\/www.studiofemmefatale.cz\/wp-content\/uploads\/2021\/12\/IMG-20211201-WA0005-1.jpg 1536w\" sizes=\"(max-width: 706px) 89vw, (max-width: 767px) 82vw, 740px\" \/><\/figure><\/li><li class=\"blocks-gallery-item\"><figure><img loading=\"lazy\" width=\"768\" height=\"1024\" src=\"https:\/\/www.studiofemmefatale.cz\/wp-content\/uploads\/2021\/12\/IMG-20211201-WA0008-1-768x1024.jpg\" alt=\"\" data-id=\"142\" data-link=\"https:\/\/www.studiofemmefatale.cz\/index.php\/ukazka-prace-zaneta\/img-20211201-wa0008-1\/\" class=\"wp-image-142\" srcset=\"https:\/\/www.studiofemmefatale.cz\/wp-content\/uploads\/2021\/12\/IMG-20211201-WA0008-1-768x1024.jpg 768w, https:\/\/www.studiofemmefatale.cz\/wp-content\/uploads\/2021\/12\/IMG-20211201-WA0008-1-225x300.jpg 225w, https:\/\/www.studiofemmefatale.cz\/wp-content\/uploads\/2021\/12\/IMG-20211201-WA0008-1-1152x1536.jpg 1152w, https:\/\/www.studiofemmefatale.cz\/wp-content\/uploads\/2021\/12\/IMG-20211201-WA0008-1.jpg 1536w\" sizes=\"(max-width: 706px) 89vw, (max-width: 767px) 82vw, 740px\" \/><\/figure><\/li><li class=\"blocks-gallery-item\"><figure><img loading=\"lazy\" width=\"768\" height=\"1024\" src=\"https:\/\/www.studiofemmefatale.cz\/wp-content\/uploads\/2021\/12\/IMG-20211201-WA0009-1-768x1024.jpg\" alt=\"\" data-id=\"143\" data-link=\"https:\/\/www.studiofemmefatale.cz\/index.php\/ukazka-prace-zaneta\/img-20211201-wa0009-1\/\" class=\"wp-image-143\" srcset=\"https:\/\/www.studiofemmefatale.cz\/wp-content\/uploads\/2021\/12\/IMG-20211201-WA0009-1-768x1024.jpg 768w, https:\/\/www.studiofemmefatale.cz\/wp-content\/uploads\/2021\/12\/IMG-20211201-WA0009-1-225x300.jpg 225w, https:\/\/www.studiofemmefatale.cz\/wp-content\/uploads\/2021\/12\/IMG-20211201-WA0009-1-1152x1536.jpg 1152w, https:\/\/www.studiofemmefatale.cz\/wp-content\/uploads\/2021\/12\/IMG-20211201-WA0009-1.jpg 1536w\" sizes=\"(max-width: 706px) 89vw, (max-width: 767px) 82vw, 740px\" \/><\/figure><\/li><li class=\"blocks-gallery-item\"><figure><img loading=\"lazy\" width=\"576\" height=\"1024\" src=\"https:\/\/www.studiofemmefatale.cz\/wp-content\/uploads\/2022\/12\/IMG-20221212-WA0006-576x1024.jpg\" alt=\"\" data-id=\"286\" data-link=\"https:\/\/www.studiofemmefatale.cz\/index.php\/ukazka-prace-zaneta\/img-20221212-wa0006\/\" class=\"wp-image-286\" srcset=\"https:\/\/www.studiofemmefatale.cz\/wp-content\/uploads\/2022\/12\/IMG-20221212-WA0006-576x1024.jpg 576w, https:\/\/www.studiofemmefatale.cz\/wp-content\/uploads\/2022\/12\/IMG-20221212-WA0006-169x300.jpg 169w, https:\/\/www.studiofemmefatale.cz\/wp-content\/uploads\/2022\/12\/IMG-20221212-WA0006-768x1365.jpg 768w, https:\/\/www.studiofemmefatale.cz\/wp-content\/uploads\/2022\/12\/IMG-20221212-WA0006-864x1536.jpg 864w, https:\/\/www.studiofemmefatale.cz\/wp-content\/uploads\/2022\/12\/IMG-20221212-WA0006.jpg 1080w\" sizes=\"(max-width: 576px) 100vw, 576px\" \/><\/figure><\/li><li class=\"blocks-gallery-item\"><figure><img loading=\"lazy\" width=\"576\" height=\"1024\" src=\"https:\/\/www.studiofemmefatale.cz\/wp-content\/uploads\/2022\/12\/IMG-20221212-WA0007-576x1024.jpg\" alt=\"\" data-id=\"287\" data-link=\"https:\/\/www.studiofemmefatale.cz\/index.php\/ukazka-prace-zaneta\/img-20221212-wa0007\/\" class=\"wp-image-287\" srcset=\"https:\/\/www.studiofemmefatale.cz\/wp-content\/uploads\/2022\/12\/IMG-20221212-WA0007-576x1024.jpg 576w, https:\/\/www.studiofemmefatale.cz\/wp-content\/uploads\/2022\/12\/IMG-20221212-WA0007-169x300.jpg 169w, https:\/\/www.studiofemmefatale.cz\/wp-content\/uploads\/2022\/12\/IMG-20221212-WA0007-768x1365.jpg 768w, https:\/\/www.studiofemmefatale.cz\/wp-content\/uploads\/2022\/12\/IMG-20221212-WA0007-864x1536.jpg 864w, https:\/\/www.studiofemmefatale.cz\/wp-content\/uploads\/2022\/12\/IMG-20221212-WA0007.jpg 1080w\" sizes=\"(max-width: 576px) 100vw, 576px\" \/><\/figure><\/li><li class=\"blocks-gallery-item\"><figure><img loading=\"lazy\" width=\"576\" height=\"1024\" src=\"https:\/\/www.studiofemmefatale.cz\/wp-content\/uploads\/2022\/12\/IMG-20221212-WA0008-576x1024.jpg\" alt=\"\" data-id=\"288\" data-link=\"https:\/\/www.studiofemmefatale.cz\/index.php\/ukazka-prace-zaneta\/img-20221212-wa0008\/\" class=\"wp-image-288\" srcset=\"https:\/\/www.studiofemmefatale.cz\/wp-content\/uploads\/2022\/12\/IMG-20221212-WA0008-576x1024.jpg 576w, https:\/\/www.studiofemmefatale.cz\/wp-content\/uploads\/2022\/12\/IMG-20221212-WA0008-169x300.jpg 169w, https:\/\/www.studiofemmefatale.cz\/wp-content\/uploads\/2022\/12\/IMG-20221212-WA0008-768x1365.jpg 768w, https:\/\/www.studiofemmefatale.cz\/wp-content\/uploads\/2022\/12\/IMG-20221212-WA0008-864x1536.jpg 864w, https:\/\/www.studiofemmefatale.cz\/wp-content\/uploads\/2022\/12\/IMG-20221212-WA0008.jpg 1080w\" sizes=\"(max-width: 576px) 100vw, 576px\" \/><\/figure><\/li><li class=\"blocks-gallery-item\"><figure><img loading=\"lazy\" width=\"576\" height=\"1024\" src=\"https:\/\/www.studiofemmefatale.cz\/wp-content\/uploads\/2022\/12\/IMG-20221212-WA0009-576x1024.jpg\" alt=\"\" data-id=\"289\" data-link=\"https:\/\/www.studiofemmefatale.cz\/index.php\/ukazka-prace-zaneta\/img-20221212-wa0009\/\" class=\"wp-image-289\" srcset=\"https:\/\/www.studiofemmefatale.cz\/wp-content\/uploads\/2022\/12\/IMG-20221212-WA0009-576x1024.jpg 576w, https:\/\/www.studiofemmefatale.cz\/wp-content\/uploads\/2022\/12\/IMG-20221212-WA0009-169x300.jpg 169w, https:\/\/www.studiofemmefatale.cz\/wp-content\/uploads\/2022\/12\/IMG-20221212-WA0009-768x1365.jpg 768w, https:\/\/www.studiofemmefatale.cz\/wp-content\/uploads\/2022\/12\/IMG-20221212-WA0009-864x1536.jpg 864w, https:\/\/www.studiofemmefatale.cz\/wp-content\/uploads\/2022\/12\/IMG-20221212-WA0009.jpg 1080w\" sizes=\"(max-width: 576px) 100vw, 576px\" \/><\/figure><\/li><li class=\"blocks-gallery-item\"><figure><img loading=\"lazy\" width=\"1024\" height=\"1024\" src=\"https:\/\/www.studiofemmefatale.cz\/wp-content\/uploads\/2022\/12\/IMG-20221212-WA0010-1024x1024.jpg\" alt=\"\" data-id=\"290\" data-link=\"https:\/\/www.studiofemmefatale.cz\/index.php\/ukazka-prace-zaneta\/img-20221212-wa0010\/\" class=\"wp-image-290\" srcset=\"https:\/\/www.studiofemmefatale.cz\/wp-content\/uploads\/2022\/12\/IMG-20221212-WA0010-1024x1024.jpg 1024w, https:\/\/www.studiofemmefatale.cz\/wp-content\/uploads\/2022\/12\/IMG-20221212-WA0010-300x300.jpg 300w, https:\/\/www.studiofemmefatale.cz\/wp-content\/uploads\/2022\/12\/IMG-20221212-WA0010-150x150.jpg 150w, https:\/\/www.studiofemmefatale.cz\/wp-content\/uploads\/2022\/12\/IMG-20221212-WA0010-768x768.jpg 768w, https:\/\/www.studiofemmefatale.cz\/wp-content\/uploads\/2022\/12\/IMG-20221212-WA0010-100x100.jpg 100w, https:\/\/www.studiofemmefatale.cz\/wp-content\/uploads\/2022\/12\/IMG-20221212-WA0010.jpg 1080w\" sizes=\"(max-width: 706px) 89vw, (max-width: 767px) 82vw, 740px\" \/><\/figure><\/li><li class=\"blocks-gallery-item\"><figure><img loading=\"lazy\" width=\"1024\" height=\"1024\" src=\"https:\/\/www.studiofemmefatale.cz\/wp-content\/uploads\/2022\/12\/IMG-20221212-WA0011-1024x1024.jpg\" alt=\"\" data-id=\"291\" data-full-url=\"https:\/\/www.studiofemmefatale.cz\/wp-content\/uploads\/2022\/12\/IMG-20221212-WA0011.jpg\" data-link=\"https:\/\/www.studiofemmefatale.cz\/index.php\/ukazka-prace-zaneta\/img-20221212-wa0011\/\" class=\"wp-image-291\" srcset=\"https:\/\/www.studiofemmefatale.cz\/wp-content\/uploads\/2022\/12\/IMG-20221212-WA0011-1024x1024.jpg 1024w, https:\/\/www.studiofemmefatale.cz\/wp-content\/uploads\/2022\/12\/IMG-20221212-WA0011-300x300.jpg 300w, https:\/\/www.studiofemmefatale.cz\/wp-content\/uploads\/2022\/12\/IMG-20221212-WA0011-150x150.jpg 150w, https:\/\/www.studiofemmefatale.cz\/wp-content\/uploads\/2022\/12\/IMG-20221212-WA0011-768x768.jpg 768w, https:\/\/www.studiofemmefatale.cz\/wp-content\/uploads\/2022\/12\/IMG-20221212-WA0011-100x100.jpg 100w, https:\/\/www.studiofemmefatale.cz\/wp-content\/uploads\/2022\/12\/IMG-20221212-WA0011.jpg 1080w\" sizes=\"(max-width: 706px) 89vw, (max-width: 767px) 82vw, 740px\" \/><\/figure><\/li><\/ul><\/figure>\n\n\n\n<p><\/p>\n","protected":false},"excerpt":{"rendered":"","protected":false},"author":1,"featured_media":0,"parent":0,"menu_order":0,"comment_status":"closed","ping_status":"closed","template":"","meta":[],"_links":{"self":[{"href":"https:\/\/www.studiofemmefatale.cz\/index.php\/wp-json\/wp\/v2\/pages\/127"}],"collection":[{"href":"https:\/\/www.studiofemmefatale.cz\/index.php\/wp-json\/wp\/v2\/pages"}],"about":[{"href":"https:\/\/www.studiofemmefatale.cz\/index.php\/wp-json\/wp\/v2\/types\/page"}],"author":[{"embeddable":true,"href":"https:\/\/www.studiofemmefatale.cz\/index.php\/wp-json\/wp\/v2\/users\/1"}],"replies":[{"embeddable":true,"href":"https:\/\/www.studiofemmefatale.cz\/index.php\/wp-json\/wp\/v2\/comments?post=127"}],"version-history":[{"count":5,"href":"https:\/\/www.studiofemmefatale.cz\/index.php\/wp-json\/wp\/v2\/pages\/127\/revisions"}],"predecessor-version":[{"id":293,"href":"https:\/\/www.studiofemmefatale.cz\/index.php\/wp-json\/wp\/v2\/pages\/127\/revisions\/293"}],"wp:attachment":[{"href":"https:\/\/www.studiofemmefatale.cz\/index.php\/wp-json\/wp\/v2\/media?parent=127"}],"curies":[{"name":"wp","href":"https:\/\/api.w.org\/{rel}","templated":true}]}}